{"id":2429,"date":"2025-04-02T11:54:49","date_gmt":"2025-04-02T09:54:49","guid":{"rendered":"https:\/\/henmar.pl\/?page_id=2429"},"modified":"2025-04-04T12:50:16","modified_gmt":"2025-04-04T10:50:16","slug":"sygnalista","status":"publish","type":"page","link":"https:\/\/henmar.pl\/en\/sygnalista\/","title":{"rendered":"Signaller"},"content":{"rendered":"<div data-elementor-type=\"wp-page\" data-elementor-id=\"2429\" class=\"elementor elementor-2429\" data-elementor-post-type=\"page\">\n\t\t\t\t<div class=\"elementor-element elementor-element-158007e8 e-flex e-con-boxed e-con e-parent\" data-id=\"158007e8\" data-element_type=\"container\" data-settings=\"{&quot;background_background&quot;:&quot;classic&quot;}\">\n\t\t\t\t\t<div class=\"e-con-inner\">\n\t\t<div class=\"elementor-element elementor-element-73e63978 e-con-full e-flex e-con e-child\" data-id=\"73e63978\" data-element_type=\"container\">\n\t\t\t\t<div class=\"elementor-element elementor-element-10a90c98 elementor-widget elementor-widget-breadcrumbs\" data-id=\"10a90c98\" data-element_type=\"widget\" data-widget_type=\"breadcrumbs.default\">\n\t\t\t\t<div class=\"elementor-widget-container\">\n\t\t\t\t\t<p id=\"breadcrumbs\"><span><span><a href=\"https:\/\/henmar.pl\/\">Homepage<\/a><\/span><\/span><\/p>\t\t\t\t<\/div>\n\t\t\t\t<\/div>\n\t\t\t\t<\/div>\n\t\t\t\t<div class=\"elementor-element elementor-element-7a1026df elementor-widget__width-initial elementor-absolute elementor-hidden-tablet elementor-hidden-mobile elementor-widget elementor-widget-image\" data-id=\"7a1026df\" data-element_type=\"widget\" data-settings=\"{&quot;_position&quot;:&quot;absolute&quot;}\" data-widget_type=\"image.default\">\n\t\t\t\t<div class=\"elementor-widget-container\">\n\t\t\t\t\t\t\t\t\t\t\t\t\t\t\t<img fetchpriority=\"high\" decoding=\"async\" width=\"810\" height=\"180\" src=\"https:\/\/henmar.pl\/wp-content\/uploads\/2025\/03\/o-firmie.png\" class=\"attachment-full size-full wp-image-870\" alt=\"\" srcset=\"https:\/\/henmar.pl\/wp-content\/uploads\/2025\/03\/o-firmie.png 810w, https:\/\/henmar.pl\/wp-content\/uploads\/2025\/03\/o-firmie-290x64.png 290w, https:\/\/henmar.pl\/wp-content\/uploads\/2025\/03\/o-firmie-600x133.png 600w, https:\/\/henmar.pl\/wp-content\/uploads\/2025\/03\/o-firmie-300x67.png 300w, https:\/\/henmar.pl\/wp-content\/uploads\/2025\/03\/o-firmie-768x171.png 768w, https:\/\/henmar.pl\/wp-content\/uploads\/2025\/03\/o-firmie-18x4.png 18w\" sizes=\"(max-width: 810px) 100vw, 810px\" \/>\t\t\t\t\t\t\t\t\t\t\t\t\t\t\t<\/div>\n\t\t\t\t<\/div>\n\t\t\t\t\t<\/div>\n\t\t\t\t<\/div>\n\t\t<div class=\"elementor-element elementor-element-235c097 e-flex e-con-boxed e-con e-parent\" data-id=\"235c097\" data-element_type=\"container\">\n\t\t\t\t\t<div class=\"e-con-inner\">\n\t\t\t\t<div class=\"elementor-element elementor-element-3ecc8cd elementor-widget elementor-widget-spacer\" data-id=\"3ecc8cd\" data-element_type=\"widget\" data-widget_type=\"spacer.default\">\n\t\t\t\t<div class=\"elementor-widget-container\">\n\t\t\t\t\t\t\t<div class=\"elementor-spacer\">\n\t\t\t<div class=\"elementor-spacer-inner\"><\/div>\n\t\t<\/div>\n\t\t\t\t\t\t<\/div>\n\t\t\t\t<\/div>\n\t\t\t\t<div class=\"elementor-element elementor-element-641e73f elementor-widget elementor-widget-text-editor\" data-id=\"641e73f\" data-element_type=\"widget\" data-widget_type=\"text-editor.default\">\n\t\t\t\t<div class=\"elementor-widget-container\">\n\t\t\t\t\t\t\t\t\t<div class=\"name category\">Whistleblowing procedure - Whistleblower<\/div><p>Acting on the basis of Directive (EU) 2019\/1937 of the European Parliament and of the Council of 23 October 2019 on the protection of whistleblowers and the implementation of this Directive in the national legal order, Henmar Cabins Sp. z o.o. Sp. k. has developed and implemented the Whistleblowing, Follow-up and Protection of Whistleblowers Procedure at Henmar Cabins Sp. z o.o. Sp. k.<\/p><p>The person making the application is required to read :<\/p><p>1 Procedure for reporting violations of the law, follow-up and protection of Whistleblowers.\u00a0<\/p><p>2 Model application form in PDF and DOC format.<\/p><p><em>(Downloads at bottom of page)<\/em><\/p><p>\u00a0<strong>The purpose of the procedure is to:<\/strong><\/p><ul><li>Establish a whistleblowing system for the Company through the creation of secure reporting channels and comprehensive regulation of whistleblowing in the public interest and protection of whistleblowers, protecting the Company through early detection and resolution of whistleblowing cases,<\/li><li>Notification of a breach of the law is based on information obtained in the context of the employment relationship or other legal relationship underpinning the provision of work, within the framework of which information about the breach was obtained,<\/li><li>Only reports made in good faith (i.e. relating to events that have actually occurred and may constitute a potential breach) are dealt with on a confidential basis and guarantee protection against potential retaliation,<\/li><li>This procedure serves only to report irregularities. Other issues relating to day-to-day work problems should be dealt with on the basis of existing working relationships or others established on the basis of separate internal regulations,<\/li><li>Persons making a notification in bad faith or making a frivolous or abusive notification shall not be protected by the procedure. Nor shall such protection apply to persons who intentionally and knowingly provide false or misleading information when making a notification.<\/li><\/ul><p><strong>Reports of irregularities may be made through dedicated confidential reporting channels operating within the Company :<\/strong><\/p><p><strong>\u00a0<\/strong>1.Dedicated email box:\u00a0<a href=\"mailto:koordynator@henmar.pl\">koordynator@henmar.pl<\/a><\/p><p>2. in writing by snail mail to:<\/p><p>Henmar Cabins Sp. z o.o. Sp. k., ul. Przemys\u0142owa 5, 63-720 Ko\u017amin Wielkopolski with a note on the envelope \"Notification of violation. To the Compliance Coordinator\".<\/p><p>3. in person by means of a meeting with the Compliance Coordinator, to be scheduled by telephone on the following telephone number\u00a0<strong>538 519\u00a0421,<\/strong><\/p><p>4 By placing a written Notification\u00a0<strong>in the box\u00a0<\/strong>located at the Company's headquarters at 5 Przemys\u0142owa Street in Ko\u017amin Wielkopolski, in building B2 in front of the reader for electronic acknowledgement of employees' entrances\/exits to the workplace (the place where the box is posted is not covered by monitoring).<\/p><p><strong>The person authorised to handle violations of the law is the \"Compliance Coordinator\".<\/strong><\/p><p><strong>\u00a0<\/strong>Where the application is:<\/p><ul><li>manifestly unfounded;<\/li><li>does not constitute an Infringement;<\/li><li>is transmitted in a manner that makes it impossible to conduct proceedings due to the extent of the information provided therein, and it is impossible to supplement such information;<\/li><li>circumstances of the case indisputably indicate that the Signaller acted in bad faith;<\/li><li>does not fall under the scope of the procedure in terms of subject or object;<\/li><\/ul><p>the investigation procedure shall not be initiated.<\/p><p><strong>Good to know - Read before you send in your application<\/strong><\/p><p>\u00a0In making this application you should:<\/p><p>1. act in good faith,<\/p><p>2. have a reasonable belief that the allegations contained in the disclosure are true,<\/p><p>3. not to make a disclosure for the purpose of making a profit,<\/p><p>4. disclose information that is true to the best of your knowledge and disclose all facts and circumstances known to you concerning the subject matter of the application,<\/p><p>5. familiarise themselves with the applicable Whistleblower Reporting, Follow-up and Protection Procedure at Henmar Cabins Sp. z o.o. Sp. k. ul. Przemys\u0142owa 5, 63-720 Ko\u017amin Wielkopolski.<\/p><p>(6) The notification provided for in this Procedure should relate only to\u00a0<strong>Infringements<\/strong>\u00a0within the meaning of the Procedure<\/p><p>An Application may only be made in good faith. It is prohibited to knowingly make a false Application. A person making a false Submission is subject to the criminal sanction set out in the Criminal Code Act.<\/p><div class=\"file_add\"><div class=\"file_add_header\"><strong>Downloads:<\/strong><\/div><ul class=\"file_add_file_list\"><li><a title=\"download file: Annex 4 model notification of infringement.pdf\" href=\"https:\/\/www.henmar.pl\/files\/file_add\/download\/2_zalacznik-nr-4-wzor-zgloszenia-naruszenia-prawa.pdf\">Annex 4 model notification of infringement.pdf - pdf [166.92 kB].<\/a><\/li><li><a title=\"download file: Annex 4 model notification of infringement.doc\" href=\"https:\/\/www.henmar.pl\/files\/file_add\/download\/3_zalacznik-nr-4-wzor-zgloszenia-naruszenia-prawa.doc\">Annex 4 model notification of infringement.doc - doc [59.5 kB].<\/a><\/li><li><a title=\"download file: HENMAR whistle-blower procedure.pdf\" href=\"https:\/\/www.henmar.pl\/files\/file_add\/download\/4_henmar-procedura-zgloszen-naruszen-sygnalisci.pdf\">HENMAR whistleblower procedure Signals.pdf - pdf [255.58 kB].<\/a><\/li><\/ul><\/div>\t\t\t\t\t\t\t\t<\/div>\n\t\t\t\t<\/div>\n\t\t\t\t\t<\/div>\n\t\t\t\t<\/div>\n\t\t<div class=\"elementor-element elementor-element-3388455f e-flex e-con-boxed e-con e-parent\" data-id=\"3388455f\" data-element_type=\"container\" data-settings=\"{&quot;background_background&quot;:&quot;classic&quot;}\">\n\t\t\t\t\t<div class=\"e-con-inner\">\n\t\t<div class=\"elementor-element elementor-element-2f1b8846 e-grid e-con-full e-con e-child\" data-id=\"2f1b8846\" data-element_type=\"container\">\n\t\t\t\t<div class=\"elementor-element elementor-element-55613f11 mr_custom_button--blue mr_custom_button elementor-widget elementor-widget-heading\" data-id=\"55613f11\" data-element_type=\"widget\" data-widget_type=\"heading.default\">\n\t\t\t\t<div class=\"elementor-widget-container\">\n\t\t\t\t\t<h2 class=\"elementor-heading-title elementor-size-default\">Are you interested? Get in touch with us!<\/h2>\t\t\t\t<\/div>\n\t\t\t\t<\/div>\n\t\t<div class=\"elementor-element elementor-element-3ca178ad e-con-full e-flex e-con e-child\" data-id=\"3ca178ad\" data-element_type=\"container\">\n\t\t\t\t<div class=\"elementor-element elementor-element-645f1c2f elementor-widget elementor-widget-text-editor\" data-id=\"645f1c2f\" data-element_type=\"widget\" data-widget_type=\"text-editor.default\">\n\t\t\t\t<div class=\"elementor-widget-container\">\n\t\t\t\t\t\t\t\t\t<p>Our team of experts is ready to answer your questions and provide the best cabin solution for your business.<\/p>\t\t\t\t\t\t\t\t<\/div>\n\t\t\t\t<\/div>\n\t\t\t\t<div class=\"elementor-element elementor-element-62fe8a19 mr_custom_button--blue mr_custom_button elementor-widget elementor-widget-button\" data-id=\"62fe8a19\" data-element_type=\"widget\" data-widget_type=\"button.default\">\n\t\t\t\t<div class=\"elementor-widget-container\">\n\t\t\t\t\t\t\t\t\t<div class=\"elementor-button-wrapper\">\n\t\t\t\t\t<a class=\"elementor-button elementor-button-link elementor-size-sm\" href=\"\/kontakt\">\n\t\t\t\t\t\t<span class=\"elementor-button-content-wrapper\">\n\t\t\t\t\t\t\t\t\t<span class=\"elementor-button-text\">Go to contact<\/span>\n\t\t\t\t\t<\/span>\n\t\t\t\t\t<\/a>\n\t\t\t\t<\/div>\n\t\t\t\t\t\t\t\t<\/div>\n\t\t\t\t<\/div>\n\t\t\t\t<\/div>\n\t\t\t\t<\/div>\n\t\t\t\t\t<\/div>\n\t\t\t\t<\/div>\n\t\t\t\t<\/div>","protected":false},"excerpt":{"rendered":"<p>Procedura zg\u0142aszania nieprawid\u0142owo\u015bci &#8211; Sygnalista Dzia\u0142aj\u0105c w oparciu o Dyrektyw\u0119 Parlamentu Europejskiego i Rady (UE) 2019\/1937 z dnia 23 pa\u017adziernika 2019r. w sprawie ochrony os\u00f3b zg\u0142aszaj\u0105cych naruszenia prawa Unii i implementacj\u0105 tej dyrektywy do krajowego porz\u0105dku prawnego, firma Henmar Cabins Sp. z o.o. Sp. k. opracowa\u0142a oraz wprowadzi\u0142a \u00a0Procedur\u0119 zg\u0142aszania narusze\u0144 prawa, podejmowania dzia\u0142a\u0144 nast\u0119pczych [&hellip;]<\/p>","protected":false},"author":1,"featured_media":0,"parent":0,"menu_order":0,"comment_status":"closed","ping_status":"closed","template":"","meta":{"_acf_changed":false,"inline_featured_image":false,"footnotes":""},"class_list":["post-2429","page","type-page","status-publish","hentry"],"acf":[],"yoast_head":"<!-- This site is optimized with the Yoast SEO plugin v24.5 - https:\/\/yoast.com\/wordpress\/plugins\/seo\/ -->\n<title>Sygnalista - Henmar<\/title>\n<meta name=\"robots\" content=\"index, follow, max-snippet:-1, max-image-preview:large, max-video-preview:-1\" \/>\n<link rel=\"canonical\" href=\"https:\/\/henmar.pl\/en\/sygnalista\/\" \/>\n<meta property=\"og:locale\" content=\"en_GB\" \/>\n<meta property=\"og:type\" content=\"article\" \/>\n<meta property=\"og:title\" content=\"Sygnalista - Henmar\" \/>\n<meta property=\"og:description\" content=\"Procedura zg\u0142aszania nieprawid\u0142owo\u015bci &#8211; Sygnalista Dzia\u0142aj\u0105c w oparciu o Dyrektyw\u0119 Parlamentu Europejskiego i Rady (UE) 2019\/1937 z dnia 23 pa\u017adziernika 2019r. w sprawie ochrony os\u00f3b zg\u0142aszaj\u0105cych naruszenia prawa Unii i implementacj\u0105 tej dyrektywy do krajowego porz\u0105dku prawnego, firma Henmar Cabins Sp. z o.o. Sp. k. opracowa\u0142a oraz wprowadzi\u0142a \u00a0Procedur\u0119 zg\u0142aszania narusze\u0144 prawa, podejmowania dzia\u0142a\u0144 nast\u0119pczych [&hellip;]\" \/>\n<meta property=\"og:url\" content=\"https:\/\/henmar.pl\/en\/sygnalista\/\" \/>\n<meta property=\"og:site_name\" content=\"Henmar\" \/>\n<meta property=\"article:modified_time\" content=\"2025-04-04T10:50:16+00:00\" \/>\n<meta property=\"og:image\" content=\"https:\/\/henmar.pl\/wp-content\/uploads\/2025\/03\/o-firmie.png\" \/>\n<meta name=\"twitter:card\" content=\"summary_large_image\" \/>\n<meta name=\"twitter:label1\" content=\"Estimated reading time\" \/>\n\t<meta name=\"twitter:data1\" content=\"5 minutes\" \/>\n<script type=\"application\/ld+json\" class=\"yoast-schema-graph\">{\"@context\":\"https:\/\/schema.org\",\"@graph\":[{\"@type\":\"WebPage\",\"@id\":\"https:\/\/henmar.pl\/sygnalista\/\",\"url\":\"https:\/\/henmar.pl\/sygnalista\/\",\"name\":\"Sygnalista - Henmar\",\"isPartOf\":{\"@id\":\"https:\/\/henmar.pl\/#website\"},\"primaryImageOfPage\":{\"@id\":\"https:\/\/henmar.pl\/sygnalista\/#primaryimage\"},\"image\":{\"@id\":\"https:\/\/henmar.pl\/sygnalista\/#primaryimage\"},\"thumbnailUrl\":\"https:\/\/henmar.pl\/wp-content\/uploads\/2025\/03\/o-firmie.png\",\"datePublished\":\"2025-04-02T09:54:49+00:00\",\"dateModified\":\"2025-04-04T10:50:16+00:00\",\"breadcrumb\":{\"@id\":\"https:\/\/henmar.pl\/sygnalista\/#breadcrumb\"},\"inLanguage\":\"en-GB\",\"potentialAction\":[{\"@type\":\"ReadAction\",\"target\":[\"https:\/\/henmar.pl\/sygnalista\/\"]}]},{\"@type\":\"ImageObject\",\"inLanguage\":\"en-GB\",\"@id\":\"https:\/\/henmar.pl\/sygnalista\/#primaryimage\",\"url\":\"https:\/\/henmar.pl\/wp-content\/uploads\/2025\/03\/o-firmie.png\",\"contentUrl\":\"https:\/\/henmar.pl\/wp-content\/uploads\/2025\/03\/o-firmie.png\"},{\"@type\":\"BreadcrumbList\",\"@id\":\"https:\/\/henmar.pl\/sygnalista\/#breadcrumb\",\"itemListElement\":[{\"@type\":\"ListItem\",\"position\":1,\"name\":\"Strona g\u0142\u00f3wna\",\"item\":\"https:\/\/henmar.pl\/\"},{\"@type\":\"ListItem\",\"position\":2,\"name\":\"Sygnalista\"}]},{\"@type\":\"WebSite\",\"@id\":\"https:\/\/henmar.pl\/#website\",\"url\":\"https:\/\/henmar.pl\/\",\"name\":\"Henmar\",\"description\":\"\",\"publisher\":{\"@id\":\"https:\/\/henmar.pl\/#organization\"},\"potentialAction\":[{\"@type\":\"SearchAction\",\"target\":{\"@type\":\"EntryPoint\",\"urlTemplate\":\"https:\/\/henmar.pl\/?s={search_term_string}\"},\"query-input\":{\"@type\":\"PropertyValueSpecification\",\"valueRequired\":true,\"valueName\":\"search_term_string\"}}],\"inLanguage\":\"en-GB\"},{\"@type\":\"Organization\",\"@id\":\"https:\/\/henmar.pl\/#organization\",\"name\":\"Henmar\",\"url\":\"https:\/\/henmar.pl\/\",\"logo\":{\"@type\":\"ImageObject\",\"inLanguage\":\"en-GB\",\"@id\":\"https:\/\/henmar.pl\/#\/schema\/logo\/image\/\",\"url\":\"https:\/\/henmar.pl\/wp-content\/uploads\/2024\/10\/logosvg.svg\",\"contentUrl\":\"https:\/\/henmar.pl\/wp-content\/uploads\/2024\/10\/logosvg.svg\",\"width\":238,\"height\":110,\"caption\":\"Henmar\"},\"image\":{\"@id\":\"https:\/\/henmar.pl\/#\/schema\/logo\/image\/\"}}]}<\/script>\n<!-- \/ Yoast SEO plugin. -->","yoast_head_json":{"title":"Sygnalista - Henmar","robots":{"index":"index","follow":"follow","max-snippet":"max-snippet:-1","max-image-preview":"max-image-preview:large","max-video-preview":"max-video-preview:-1"},"canonical":"https:\/\/henmar.pl\/en\/sygnalista\/","og_locale":"en_GB","og_type":"article","og_title":"Sygnalista - Henmar","og_description":"Procedura zg\u0142aszania nieprawid\u0142owo\u015bci &#8211; Sygnalista Dzia\u0142aj\u0105c w oparciu o Dyrektyw\u0119 Parlamentu Europejskiego i Rady (UE) 2019\/1937 z dnia 23 pa\u017adziernika 2019r. w sprawie ochrony os\u00f3b zg\u0142aszaj\u0105cych naruszenia prawa Unii i implementacj\u0105 tej dyrektywy do krajowego porz\u0105dku prawnego, firma Henmar Cabins Sp. z o.o. Sp. k. opracowa\u0142a oraz wprowadzi\u0142a \u00a0Procedur\u0119 zg\u0142aszania narusze\u0144 prawa, podejmowania dzia\u0142a\u0144 nast\u0119pczych [&hellip;]","og_url":"https:\/\/henmar.pl\/en\/sygnalista\/","og_site_name":"Henmar","article_modified_time":"2025-04-04T10:50:16+00:00","og_image":[{"url":"https:\/\/henmar.pl\/wp-content\/uploads\/2025\/03\/o-firmie.png","type":"","width":"","height":""}],"twitter_card":"summary_large_image","twitter_misc":{"Estimated reading time":"5 minutes"},"schema":{"@context":"https:\/\/schema.org","@graph":[{"@type":"WebPage","@id":"https:\/\/henmar.pl\/sygnalista\/","url":"https:\/\/henmar.pl\/sygnalista\/","name":"Sygnalista - Henmar","isPartOf":{"@id":"https:\/\/henmar.pl\/#website"},"primaryImageOfPage":{"@id":"https:\/\/henmar.pl\/sygnalista\/#primaryimage"},"image":{"@id":"https:\/\/henmar.pl\/sygnalista\/#primaryimage"},"thumbnailUrl":"https:\/\/henmar.pl\/wp-content\/uploads\/2025\/03\/o-firmie.png","datePublished":"2025-04-02T09:54:49+00:00","dateModified":"2025-04-04T10:50:16+00:00","breadcrumb":{"@id":"https:\/\/henmar.pl\/sygnalista\/#breadcrumb"},"inLanguage":"en-GB","potentialAction":[{"@type":"ReadAction","target":["https:\/\/henmar.pl\/sygnalista\/"]}]},{"@type":"ImageObject","inLanguage":"en-GB","@id":"https:\/\/henmar.pl\/sygnalista\/#primaryimage","url":"https:\/\/henmar.pl\/wp-content\/uploads\/2025\/03\/o-firmie.png","contentUrl":"https:\/\/henmar.pl\/wp-content\/uploads\/2025\/03\/o-firmie.png"},{"@type":"BreadcrumbList","@id":"https:\/\/henmar.pl\/sygnalista\/#breadcrumb","itemListElement":[{"@type":"ListItem","position":1,"name":"Strona g\u0142\u00f3wna","item":"https:\/\/henmar.pl\/"},{"@type":"ListItem","position":2,"name":"Sygnalista"}]},{"@type":"WebSite","@id":"https:\/\/henmar.pl\/#website","url":"https:\/\/henmar.pl\/","name":"Henmar","description":"","publisher":{"@id":"https:\/\/henmar.pl\/#organization"},"potentialAction":[{"@type":"SearchAction","target":{"@type":"EntryPoint","urlTemplate":"https:\/\/henmar.pl\/?s={search_term_string}"},"query-input":{"@type":"PropertyValueSpecification","valueRequired":true,"valueName":"search_term_string"}}],"inLanguage":"en-GB"},{"@type":"Organization","@id":"https:\/\/henmar.pl\/#organization","name":"Henmar","url":"https:\/\/henmar.pl\/","logo":{"@type":"ImageObject","inLanguage":"en-GB","@id":"https:\/\/henmar.pl\/#\/schema\/logo\/image\/","url":"https:\/\/henmar.pl\/wp-content\/uploads\/2024\/10\/logosvg.svg","contentUrl":"https:\/\/henmar.pl\/wp-content\/uploads\/2024\/10\/logosvg.svg","width":238,"height":110,"caption":"Henmar"},"image":{"@id":"https:\/\/henmar.pl\/#\/schema\/logo\/image\/"}}]}},"_links":{"self":[{"href":"https:\/\/henmar.pl\/en\/wp-json\/wp\/v2\/pages\/2429","targetHints":{"allow":["GET"]}}],"collection":[{"href":"https:\/\/henmar.pl\/en\/wp-json\/wp\/v2\/pages"}],"about":[{"href":"https:\/\/henmar.pl\/en\/wp-json\/wp\/v2\/types\/page"}],"author":[{"embeddable":true,"href":"https:\/\/henmar.pl\/en\/wp-json\/wp\/v2\/users\/1"}],"replies":[{"embeddable":true,"href":"https:\/\/henmar.pl\/en\/wp-json\/wp\/v2\/comments?post=2429"}],"version-history":[{"count":0,"href":"https:\/\/henmar.pl\/en\/wp-json\/wp\/v2\/pages\/2429\/revisions"}],"wp:attachment":[{"href":"https:\/\/henmar.pl\/en\/wp-json\/wp\/v2\/media?parent=2429"}],"curies":[{"name":"wp","href":"https:\/\/api.w.org\/{rel}","templated":true}]}}