{"id":2345,"date":"2025-04-01T22:44:26","date_gmt":"2025-04-01T20:44:26","guid":{"rendered":"https:\/\/henmar.pl\/?page_id=2345"},"modified":"2026-01-21T14:00:25","modified_gmt":"2026-01-21T13:00:25","slug":"systemy-zarzadzania","status":"publish","type":"page","link":"https:\/\/henmar.pl\/en\/systemy-zarzadzania\/","title":{"rendered":"Management systems"},"content":{"rendered":"<div data-elementor-type=\"wp-page\" data-elementor-id=\"2345\" class=\"elementor elementor-2345\" data-elementor-post-type=\"page\">\n\t\t\t\t<div class=\"elementor-element elementor-element-158007e8 e-flex e-con-boxed e-con e-parent\" data-id=\"158007e8\" data-element_type=\"container\" data-settings=\"{&quot;background_background&quot;:&quot;classic&quot;}\">\n\t\t\t\t\t<div class=\"e-con-inner\">\n\t\t<div class=\"elementor-element elementor-element-73e63978 e-con-full e-flex e-con e-child\" data-id=\"73e63978\" data-element_type=\"container\">\n\t\t\t\t<div class=\"elementor-element elementor-element-10a90c98 elementor-widget elementor-widget-breadcrumbs\" data-id=\"10a90c98\" data-element_type=\"widget\" data-widget_type=\"breadcrumbs.default\">\n\t\t\t\t<div class=\"elementor-widget-container\">\n\t\t\t\t\t<p id=\"breadcrumbs\"><span><span><a href=\"https:\/\/henmar.pl\/\">Homepage<\/a><\/span><\/span><\/p>\t\t\t\t<\/div>\n\t\t\t\t<\/div>\n\t\t\t\t<\/div>\n\t\t\t\t<div class=\"elementor-element elementor-element-7a1026df elementor-widget__width-initial elementor-absolute elementor-hidden-tablet elementor-hidden-mobile elementor-widget elementor-widget-image\" data-id=\"7a1026df\" data-element_type=\"widget\" data-settings=\"{&quot;_position&quot;:&quot;absolute&quot;}\" data-widget_type=\"image.default\">\n\t\t\t\t<div class=\"elementor-widget-container\">\n\t\t\t\t\t\t\t\t\t\t\t\t\t\t\t<img fetchpriority=\"high\" decoding=\"async\" width=\"810\" height=\"180\" src=\"https:\/\/henmar.de\/wp-content\/uploads\/2025\/03\/o-firmie.png\" class=\"attachment-full size-full wp-image-870\" alt=\"\" srcset=\"https:\/\/henmar.de\/wp-content\/uploads\/2025\/03\/o-firmie.png 810w, https:\/\/henmar.de\/wp-content\/uploads\/2025\/03\/o-firmie-290x64.png 290w, https:\/\/henmar.de\/wp-content\/uploads\/2025\/03\/o-firmie-600x133.png 600w, https:\/\/henmar.de\/wp-content\/uploads\/2025\/03\/o-firmie-300x67.png 300w, https:\/\/henmar.de\/wp-content\/uploads\/2025\/03\/o-firmie-768x171.png 768w, https:\/\/henmar.de\/wp-content\/uploads\/2025\/03\/o-firmie-18x4.png 18w\" sizes=\"(max-width: 810px) 100vw, 810px\" \/>\t\t\t\t\t\t\t\t\t\t\t\t\t\t\t<\/div>\n\t\t\t\t<\/div>\n\t\t\t\t\t<\/div>\n\t\t\t\t<\/div>\n\t\t<div class=\"elementor-element elementor-element-194f1b0 e-flex e-con-boxed e-con e-parent\" data-id=\"194f1b0\" data-element_type=\"container\">\n\t\t\t\t\t<div class=\"e-con-inner\">\n\t\t<div class=\"elementor-element elementor-element-f183a48 e-con-full e-flex e-con e-child\" data-id=\"f183a48\" data-element_type=\"container\">\n\t\t\t\t<div class=\"elementor-element elementor-element-9c69196 elementor-widget elementor-widget-heading\" data-id=\"9c69196\" data-element_type=\"widget\" data-widget_type=\"heading.default\">\n\t\t\t\t<div class=\"elementor-widget-container\">\n\t\t\t\t\t<h2 class=\"elementor-heading-title elementor-size-default\"><br>ISO 9001:2015, <br>ISO 14001:2015 and ISO 3834-2<\/h2>\t\t\t\t<\/div>\n\t\t\t\t<\/div>\n\t\t\t\t<\/div>\n\t\t\t\t\t<\/div>\n\t\t\t\t<\/div>\n\t\t<div class=\"elementor-element elementor-element-2ed3cc2 e-con-full e-flex e-con e-parent\" data-id=\"2ed3cc2\" data-element_type=\"container\">\n\t\t<div class=\"elementor-element elementor-element-8a99da9 e-con-full e-flex e-con e-child\" data-id=\"8a99da9\" data-element_type=\"container\">\n\t\t<div class=\"elementor-element elementor-element-f0217d3 e-con-full e-flex e-con e-child\" data-id=\"f0217d3\" data-element_type=\"container\">\n\t\t\t\t<div class=\"elementor-element elementor-element-6aebdd2 elementor-widget elementor-widget-image\" data-id=\"6aebdd2\" data-element_type=\"widget\" data-widget_type=\"image.default\">\n\t\t\t\t<div class=\"elementor-widget-container\">\n\t\t\t\t\t\t\t\t\t\t\t\t\t\t\t<img decoding=\"async\" width=\"629\" height=\"891\" src=\"https:\/\/henmar.de\/wp-content\/uploads\/2025\/04\/PL.png\" class=\"attachment-full size-full wp-image-2349\" alt=\"\" srcset=\"https:\/\/henmar.de\/wp-content\/uploads\/2025\/04\/PL.png 629w, https:\/\/henmar.de\/wp-content\/uploads\/2025\/04\/PL-212x300.png 212w, https:\/\/henmar.de\/wp-content\/uploads\/2025\/04\/PL-8x12.png 8w, https:\/\/henmar.de\/wp-content\/uploads\/2025\/04\/PL-290x411.png 290w, https:\/\/henmar.de\/wp-content\/uploads\/2025\/04\/PL-600x850.png 600w\" sizes=\"(max-width: 629px) 100vw, 629px\" \/>\t\t\t\t\t\t\t\t\t\t\t\t\t\t\t<\/div>\n\t\t\t\t<\/div>\n\t\t\t\t<\/div>\n\t\t<div class=\"elementor-element elementor-element-816d1e7 e-con-full e-flex e-con e-child\" data-id=\"816d1e7\" data-element_type=\"container\">\n\t\t\t\t<div class=\"elementor-element elementor-element-926b36e elementor-widget elementor-widget-image\" data-id=\"926b36e\" data-element_type=\"widget\" data-widget_type=\"image.default\">\n\t\t\t\t<div class=\"elementor-widget-container\">\n\t\t\t\t\t\t\t\t\t\t\t\t\t\t\t<img decoding=\"async\" width=\"826\" height=\"1169\" src=\"https:\/\/henmar.de\/wp-content\/uploads\/2025\/04\/iso-cert.png\" class=\"attachment-full size-full wp-image-2348\" alt=\"\" srcset=\"https:\/\/henmar.de\/wp-content\/uploads\/2025\/04\/iso-cert.png 826w, https:\/\/henmar.de\/wp-content\/uploads\/2025\/04\/iso-cert-212x300.png 212w, https:\/\/henmar.de\/wp-content\/uploads\/2025\/04\/iso-cert-724x1024.png 724w, https:\/\/henmar.de\/wp-content\/uploads\/2025\/04\/iso-cert-768x1087.png 768w, https:\/\/henmar.de\/wp-content\/uploads\/2025\/04\/iso-cert-8x12.png 8w, https:\/\/henmar.de\/wp-content\/uploads\/2025\/04\/iso-cert-290x410.png 290w, https:\/\/henmar.de\/wp-content\/uploads\/2025\/04\/iso-cert-600x849.png 600w\" sizes=\"(max-width: 826px) 100vw, 826px\" \/>\t\t\t\t\t\t\t\t\t\t\t\t\t\t\t<\/div>\n\t\t\t\t<\/div>\n\t\t\t\t<\/div>\n\t\t\t\t<\/div>\n\t\t\t\t<\/div>\n\t\t<div class=\"elementor-element elementor-element-9cf3cfa e-flex e-con-boxed e-con e-parent\" data-id=\"9cf3cfa\" data-element_type=\"container\">\n\t\t\t\t\t<div class=\"e-con-inner\">\n\t\t\t\t<div class=\"elementor-element elementor-element-c4e9927 elementor-widget elementor-widget-heading\" data-id=\"c4e9927\" data-element_type=\"widget\" data-widget_type=\"heading.default\">\n\t\t\t\t<div class=\"elementor-widget-container\">\n\t\t\t\t\t<h2 class=\"elementor-heading-title elementor-size-default\"><br><b>PN-EN 15085<\/b> <\/h2>\t\t\t\t<\/div>\n\t\t\t\t<\/div>\n\t\t\t\t\t<\/div>\n\t\t\t\t<\/div>\n\t\t<div class=\"elementor-element elementor-element-e407056 e-grid e-con-boxed e-con e-parent\" data-id=\"e407056\" data-element_type=\"container\">\n\t\t\t\t\t<div class=\"e-con-inner\">\n\t\t\t\t<div class=\"elementor-element elementor-element-9da95b7 elementor-widget elementor-widget-image\" data-id=\"9da95b7\" data-element_type=\"widget\" data-widget_type=\"image.default\">\n\t\t\t\t<div class=\"elementor-widget-container\">\n\t\t\t\t\t\t\t\t\t\t\t\t\t\t\t<img loading=\"lazy\" decoding=\"async\" width=\"724\" height=\"1024\" src=\"https:\/\/henmar.de\/wp-content\/uploads\/TSP_1-scaled.jpg\" class=\"attachment-large size-large wp-image-4248\" alt=\"PN-EN 15085\" \/>\t\t\t\t\t\t\t\t\t\t\t\t\t\t\t<\/div>\n\t\t\t\t<\/div>\n\t\t\t\t<div class=\"elementor-element elementor-element-094da44 elementor-widget elementor-widget-image\" data-id=\"094da44\" data-element_type=\"widget\" data-widget_type=\"image.default\">\n\t\t\t\t<div class=\"elementor-widget-container\">\n\t\t\t\t\t\t\t\t\t\t\t\t\t\t\t<img loading=\"lazy\" decoding=\"async\" width=\"724\" height=\"1024\" src=\"https:\/\/henmar.de\/wp-content\/uploads\/TSP_2-724x1024.jpg\" class=\"attachment-large size-large wp-image-4249\" alt=\"PN-EN 15085\" srcset=\"https:\/\/henmar.de\/wp-content\/uploads\/TSP_2-724x1024.jpg 724w, https:\/\/henmar.de\/wp-content\/uploads\/TSP_2-212x300.jpg 212w, https:\/\/henmar.de\/wp-content\/uploads\/TSP_2-768x1086.jpg 768w, https:\/\/henmar.de\/wp-content\/uploads\/TSP_2-1086x1536.jpg 1086w, https:\/\/henmar.de\/wp-content\/uploads\/TSP_2-8x12.jpg 8w, https:\/\/henmar.de\/wp-content\/uploads\/TSP_2-290x410.jpg 290w, https:\/\/henmar.de\/wp-content\/uploads\/TSP_2-600x849.jpg 600w, https:\/\/henmar.de\/wp-content\/uploads\/TSP_2.jpg 1414w\" sizes=\"(max-width: 724px) 100vw, 724px\" \/>\t\t\t\t\t\t\t\t\t\t\t\t\t\t\t<\/div>\n\t\t\t\t<\/div>\n\t\t\t\t\t<\/div>\n\t\t\t\t<\/div>\n\t\t<div class=\"elementor-element elementor-element-9bed085 e-con-full e-flex e-con e-parent\" data-id=\"9bed085\" data-element_type=\"container\">\n\t\t<div class=\"elementor-element elementor-element-5795223 e-con-full e-flex e-con e-child\" data-id=\"5795223\" data-element_type=\"container\">\n\t\t<div class=\"elementor-element elementor-element-88740fa e-con-full e-flex e-con e-child\" data-id=\"88740fa\" data-element_type=\"container\">\n\t\t\t\t<div class=\"elementor-element elementor-element-89721c9 elementor-widget elementor-widget-heading\" data-id=\"89721c9\" data-element_type=\"widget\" data-widget_type=\"heading.default\">\n\t\t\t\t<div class=\"elementor-widget-container\">\n\t\t\t\t\t<h2 class=\"elementor-heading-title elementor-size-default\"> Graffiti.ERP - MRPII\/ERP class system\n\n<\/h2>\t\t\t\t<\/div>\n\t\t\t\t<\/div>\n\t\t\t\t<div class=\"elementor-element elementor-element-d786186 elementor-widget elementor-widget-image\" data-id=\"d786186\" data-element_type=\"widget\" data-widget_type=\"image.default\">\n\t\t\t\t<div class=\"elementor-widget-container\">\n\t\t\t\t\t\t\t\t\t\t\t\t\t\t\t\t<a href=\"https:\/\/www.pcguard.pl\/\">\n\t\t\t\t\t\t\t<img loading=\"lazy\" decoding=\"async\" width=\"203\" height=\"57\" src=\"https:\/\/henmar.de\/wp-content\/uploads\/2025\/04\/pc-guard-graffiti-logo.gif\" class=\"attachment-large size-large wp-image-2350\" alt=\"\" \/>\t\t\t\t\t\t\t\t<\/a>\n\t\t\t\t\t\t\t\t\t\t\t\t\t\t\t<\/div>\n\t\t\t\t<\/div>\n\t\t\t\t<div class=\"elementor-element elementor-element-70f6ad5 elementor-widget elementor-widget-image\" data-id=\"70f6ad5\" data-element_type=\"widget\" data-widget_type=\"image.default\">\n\t\t\t\t<div class=\"elementor-widget-container\">\n\t\t\t\t\t\t\t\t\t\t\t\t\t\t\t<img loading=\"lazy\" decoding=\"async\" width=\"628\" height=\"391\" src=\"https:\/\/henmar.de\/wp-content\/uploads\/2025\/04\/schemat.jpg\" class=\"attachment-large size-large wp-image-2351\" alt=\"\" srcset=\"https:\/\/henmar.de\/wp-content\/uploads\/2025\/04\/schemat.jpg 628w, https:\/\/henmar.de\/wp-content\/uploads\/2025\/04\/schemat-300x187.jpg 300w, https:\/\/henmar.de\/wp-content\/uploads\/2025\/04\/schemat-18x12.jpg 18w, https:\/\/henmar.de\/wp-content\/uploads\/2025\/04\/schemat-290x181.jpg 290w, https:\/\/henmar.de\/wp-content\/uploads\/2025\/04\/schemat-600x374.jpg 600w\" sizes=\"(max-width: 628px) 100vw, 628px\" \/>\t\t\t\t\t\t\t\t\t\t\t\t\t\t\t<\/div>\n\t\t\t\t<\/div>\n\t\t\t\t<\/div>\n\t\t\t\t<\/div>\n\t\t\t\t<\/div>\n\t\t<div class=\"elementor-element elementor-element-3388455f e-flex e-con-boxed e-con e-parent\" data-id=\"3388455f\" data-element_type=\"container\" data-settings=\"{&quot;background_background&quot;:&quot;classic&quot;}\">\n\t\t\t\t\t<div class=\"e-con-inner\">\n\t\t<div class=\"elementor-element elementor-element-2f1b8846 e-grid e-con-full e-con e-child\" data-id=\"2f1b8846\" data-element_type=\"container\">\n\t\t\t\t<div class=\"elementor-element elementor-element-55613f11 mr_custom_button--blue mr_custom_button elementor-widget elementor-widget-heading\" data-id=\"55613f11\" data-element_type=\"widget\" data-widget_type=\"heading.default\">\n\t\t\t\t<div class=\"elementor-widget-container\">\n\t\t\t\t\t<h2 class=\"elementor-heading-title elementor-size-default\">Are you interested? Get in touch with us!<\/h2>\t\t\t\t<\/div>\n\t\t\t\t<\/div>\n\t\t<div class=\"elementor-element elementor-element-3ca178ad e-con-full e-flex e-con e-child\" data-id=\"3ca178ad\" data-element_type=\"container\">\n\t\t\t\t<div class=\"elementor-element elementor-element-645f1c2f elementor-widget elementor-widget-text-editor\" data-id=\"645f1c2f\" data-element_type=\"widget\" data-widget_type=\"text-editor.default\">\n\t\t\t\t<div class=\"elementor-widget-container\">\n\t\t\t\t\t\t\t\t\t<p>Our team of experts is ready to answer your questions and provide the best cabin solution for your business.<\/p>\t\t\t\t\t\t\t\t<\/div>\n\t\t\t\t<\/div>\n\t\t\t\t<div class=\"elementor-element elementor-element-62fe8a19 mr_custom_button--blue mr_custom_button elementor-widget elementor-widget-button\" data-id=\"62fe8a19\" data-element_type=\"widget\" data-widget_type=\"button.default\">\n\t\t\t\t<div class=\"elementor-widget-container\">\n\t\t\t\t\t\t\t\t\t<div class=\"elementor-button-wrapper\">\n\t\t\t\t\t<a class=\"elementor-button elementor-button-link elementor-size-sm\" href=\"\/kontakt\">\n\t\t\t\t\t\t<span class=\"elementor-button-content-wrapper\">\n\t\t\t\t\t\t\t\t\t<span class=\"elementor-button-text\">Go to contact<\/span>\n\t\t\t\t\t<\/span>\n\t\t\t\t\t<\/a>\n\t\t\t\t<\/div>\n\t\t\t\t\t\t\t\t<\/div>\n\t\t\t\t<\/div>\n\t\t\t\t<\/div>\n\t\t\t\t<\/div>\n\t\t\t\t\t<\/div>\n\t\t\t\t<\/div>\n\t\t<div class=\"elementor-element elementor-element-4fd5e63 e-flex e-con-boxed e-con e-parent\" data-id=\"4fd5e63\" data-element_type=\"container\">\n\t\t\t\t\t<div class=\"e-con-inner\">\n\t\t\t\t\t<\/div>\n\t\t\t\t<\/div>\n\t\t\t\t<\/div>","protected":false},"excerpt":{"rendered":"<p>ISO 9001:2015, ISO 14001:2015 oraz ISO 3834-2 PN-EN 15085 Graffiti.ERP &#8211; system klasy MRPII\/ERP Jeste\u015b zainteresowany? Skontaktuj si\u0119 z nami! Nasz zesp\u00f3\u0142 ekspert\u00f3w jest gotowy, aby odpowiedzie\u0107 na Twoje pytania i dostarczy\u0107 najlepsze rozwi\u0105zania kabiny dla Twojego biznesu. Przejd\u017a do kontaktu<\/p>","protected":false},"author":1,"featured_media":0,"parent":0,"menu_order":0,"comment_status":"closed","ping_status":"closed","template":"","meta":{"_acf_changed":false,"inline_featured_image":false,"footnotes":""},"class_list":["post-2345","page","type-page","status-publish","hentry"],"acf":[],"yoast_head":"<!-- This site is optimized with the Yoast SEO plugin v24.5 - https:\/\/yoast.com\/wordpress\/plugins\/seo\/ -->\n<title>Systemy zarz\u0105dzania - Henmar<\/title>\n<meta name=\"robots\" content=\"index, follow, max-snippet:-1, max-image-preview:large, max-video-preview:-1\" \/>\n<link rel=\"canonical\" href=\"https:\/\/henmar.pl\/en\/systemy-zarzadzania\/\" \/>\n<meta property=\"og:locale\" content=\"en_GB\" \/>\n<meta property=\"og:type\" content=\"article\" \/>\n<meta property=\"og:title\" content=\"Systemy zarz\u0105dzania - Henmar\" \/>\n<meta property=\"og:description\" content=\"ISO 9001:2015, ISO 14001:2015 oraz ISO 3834-2 PN-EN 15085 Graffiti.ERP &#8211; system klasy MRPII\/ERP Jeste\u015b zainteresowany? Skontaktuj si\u0119 z nami! Nasz zesp\u00f3\u0142 ekspert\u00f3w jest gotowy, aby odpowiedzie\u0107 na Twoje pytania i dostarczy\u0107 najlepsze rozwi\u0105zania kabiny dla Twojego biznesu. Przejd\u017a do kontaktu\" \/>\n<meta property=\"og:url\" content=\"https:\/\/henmar.pl\/en\/systemy-zarzadzania\/\" \/>\n<meta property=\"og:site_name\" content=\"Henmar\" \/>\n<meta property=\"article:modified_time\" content=\"2026-01-21T13:00:25+00:00\" \/>\n<meta property=\"og:image\" content=\"https:\/\/henmar.pl\/wp-content\/uploads\/2025\/03\/o-firmie.png\" \/>\n<meta name=\"twitter:card\" content=\"summary_large_image\" \/>\n<meta name=\"twitter:label1\" content=\"Estimated reading time\" \/>\n\t<meta name=\"twitter:data1\" content=\"2 minutes\" \/>\n<script type=\"application\/ld+json\" class=\"yoast-schema-graph\">{\"@context\":\"https:\/\/schema.org\",\"@graph\":[{\"@type\":\"WebPage\",\"@id\":\"https:\/\/henmar.pl\/systemy-zarzadzania\/\",\"url\":\"https:\/\/henmar.pl\/systemy-zarzadzania\/\",\"name\":\"Systemy zarz\u0105dzania - Henmar\",\"isPartOf\":{\"@id\":\"https:\/\/henmar.pl\/#website\"},\"primaryImageOfPage\":{\"@id\":\"https:\/\/henmar.pl\/systemy-zarzadzania\/#primaryimage\"},\"image\":{\"@id\":\"https:\/\/henmar.pl\/systemy-zarzadzania\/#primaryimage\"},\"thumbnailUrl\":\"https:\/\/henmar.pl\/wp-content\/uploads\/2025\/03\/o-firmie.png\",\"datePublished\":\"2025-04-01T20:44:26+00:00\",\"dateModified\":\"2026-01-21T13:00:25+00:00\",\"breadcrumb\":{\"@id\":\"https:\/\/henmar.pl\/systemy-zarzadzania\/#breadcrumb\"},\"inLanguage\":\"en-GB\",\"potentialAction\":[{\"@type\":\"ReadAction\",\"target\":[\"https:\/\/henmar.pl\/systemy-zarzadzania\/\"]}]},{\"@type\":\"ImageObject\",\"inLanguage\":\"en-GB\",\"@id\":\"https:\/\/henmar.pl\/systemy-zarzadzania\/#primaryimage\",\"url\":\"https:\/\/henmar.pl\/wp-content\/uploads\/2025\/03\/o-firmie.png\",\"contentUrl\":\"https:\/\/henmar.pl\/wp-content\/uploads\/2025\/03\/o-firmie.png\"},{\"@type\":\"BreadcrumbList\",\"@id\":\"https:\/\/henmar.pl\/systemy-zarzadzania\/#breadcrumb\",\"itemListElement\":[{\"@type\":\"ListItem\",\"position\":1,\"name\":\"Strona g\u0142\u00f3wna\",\"item\":\"https:\/\/henmar.pl\/\"},{\"@type\":\"ListItem\",\"position\":2,\"name\":\"Systemy zarz\u0105dzania\"}]},{\"@type\":\"WebSite\",\"@id\":\"https:\/\/henmar.pl\/#website\",\"url\":\"https:\/\/henmar.pl\/\",\"name\":\"Henmar\",\"description\":\"\",\"publisher\":{\"@id\":\"https:\/\/henmar.pl\/#organization\"},\"potentialAction\":[{\"@type\":\"SearchAction\",\"target\":{\"@type\":\"EntryPoint\",\"urlTemplate\":\"https:\/\/henmar.pl\/?s={search_term_string}\"},\"query-input\":{\"@type\":\"PropertyValueSpecification\",\"valueRequired\":true,\"valueName\":\"search_term_string\"}}],\"inLanguage\":\"en-GB\"},{\"@type\":\"Organization\",\"@id\":\"https:\/\/henmar.pl\/#organization\",\"name\":\"Henmar\",\"url\":\"https:\/\/henmar.pl\/\",\"logo\":{\"@type\":\"ImageObject\",\"inLanguage\":\"en-GB\",\"@id\":\"https:\/\/henmar.pl\/#\/schema\/logo\/image\/\",\"url\":\"https:\/\/henmar.pl\/wp-content\/uploads\/2024\/10\/logosvg.svg\",\"contentUrl\":\"https:\/\/henmar.pl\/wp-content\/uploads\/2024\/10\/logosvg.svg\",\"width\":238,\"height\":110,\"caption\":\"Henmar\"},\"image\":{\"@id\":\"https:\/\/henmar.pl\/#\/schema\/logo\/image\/\"}}]}<\/script>\n<!-- \/ Yoast SEO plugin. -->","yoast_head_json":{"title":"Systemy zarz\u0105dzania - Henmar","robots":{"index":"index","follow":"follow","max-snippet":"max-snippet:-1","max-image-preview":"max-image-preview:large","max-video-preview":"max-video-preview:-1"},"canonical":"https:\/\/henmar.pl\/en\/systemy-zarzadzania\/","og_locale":"en_GB","og_type":"article","og_title":"Systemy zarz\u0105dzania - Henmar","og_description":"ISO 9001:2015, ISO 14001:2015 oraz ISO 3834-2 PN-EN 15085 Graffiti.ERP &#8211; system klasy MRPII\/ERP Jeste\u015b zainteresowany? Skontaktuj si\u0119 z nami! Nasz zesp\u00f3\u0142 ekspert\u00f3w jest gotowy, aby odpowiedzie\u0107 na Twoje pytania i dostarczy\u0107 najlepsze rozwi\u0105zania kabiny dla Twojego biznesu. Przejd\u017a do kontaktu","og_url":"https:\/\/henmar.pl\/en\/systemy-zarzadzania\/","og_site_name":"Henmar","article_modified_time":"2026-01-21T13:00:25+00:00","og_image":[{"url":"https:\/\/henmar.pl\/wp-content\/uploads\/2025\/03\/o-firmie.png","type":"","width":"","height":""}],"twitter_card":"summary_large_image","twitter_misc":{"Estimated reading time":"2 minutes"},"schema":{"@context":"https:\/\/schema.org","@graph":[{"@type":"WebPage","@id":"https:\/\/henmar.pl\/systemy-zarzadzania\/","url":"https:\/\/henmar.pl\/systemy-zarzadzania\/","name":"Systemy zarz\u0105dzania - Henmar","isPartOf":{"@id":"https:\/\/henmar.pl\/#website"},"primaryImageOfPage":{"@id":"https:\/\/henmar.pl\/systemy-zarzadzania\/#primaryimage"},"image":{"@id":"https:\/\/henmar.pl\/systemy-zarzadzania\/#primaryimage"},"thumbnailUrl":"https:\/\/henmar.pl\/wp-content\/uploads\/2025\/03\/o-firmie.png","datePublished":"2025-04-01T20:44:26+00:00","dateModified":"2026-01-21T13:00:25+00:00","breadcrumb":{"@id":"https:\/\/henmar.pl\/systemy-zarzadzania\/#breadcrumb"},"inLanguage":"en-GB","potentialAction":[{"@type":"ReadAction","target":["https:\/\/henmar.pl\/systemy-zarzadzania\/"]}]},{"@type":"ImageObject","inLanguage":"en-GB","@id":"https:\/\/henmar.pl\/systemy-zarzadzania\/#primaryimage","url":"https:\/\/henmar.pl\/wp-content\/uploads\/2025\/03\/o-firmie.png","contentUrl":"https:\/\/henmar.pl\/wp-content\/uploads\/2025\/03\/o-firmie.png"},{"@type":"BreadcrumbList","@id":"https:\/\/henmar.pl\/systemy-zarzadzania\/#breadcrumb","itemListElement":[{"@type":"ListItem","position":1,"name":"Strona g\u0142\u00f3wna","item":"https:\/\/henmar.pl\/"},{"@type":"ListItem","position":2,"name":"Systemy zarz\u0105dzania"}]},{"@type":"WebSite","@id":"https:\/\/henmar.pl\/#website","url":"https:\/\/henmar.pl\/","name":"Henmar","description":"","publisher":{"@id":"https:\/\/henmar.pl\/#organization"},"potentialAction":[{"@type":"SearchAction","target":{"@type":"EntryPoint","urlTemplate":"https:\/\/henmar.pl\/?s={search_term_string}"},"query-input":{"@type":"PropertyValueSpecification","valueRequired":true,"valueName":"search_term_string"}}],"inLanguage":"en-GB"},{"@type":"Organization","@id":"https:\/\/henmar.pl\/#organization","name":"Henmar","url":"https:\/\/henmar.pl\/","logo":{"@type":"ImageObject","inLanguage":"en-GB","@id":"https:\/\/henmar.pl\/#\/schema\/logo\/image\/","url":"https:\/\/henmar.pl\/wp-content\/uploads\/2024\/10\/logosvg.svg","contentUrl":"https:\/\/henmar.pl\/wp-content\/uploads\/2024\/10\/logosvg.svg","width":238,"height":110,"caption":"Henmar"},"image":{"@id":"https:\/\/henmar.pl\/#\/schema\/logo\/image\/"}}]}},"_links":{"self":[{"href":"https:\/\/henmar.pl\/en\/wp-json\/wp\/v2\/pages\/2345","targetHints":{"allow":["GET"]}}],"collection":[{"href":"https:\/\/henmar.pl\/en\/wp-json\/wp\/v2\/pages"}],"about":[{"href":"https:\/\/henmar.pl\/en\/wp-json\/wp\/v2\/types\/page"}],"author":[{"embeddable":true,"href":"https:\/\/henmar.pl\/en\/wp-json\/wp\/v2\/users\/1"}],"replies":[{"embeddable":true,"href":"https:\/\/henmar.pl\/en\/wp-json\/wp\/v2\/comments?post=2345"}],"version-history":[{"count":6,"href":"https:\/\/henmar.pl\/en\/wp-json\/wp\/v2\/pages\/2345\/revisions"}],"predecessor-version":[{"id":4255,"href":"https:\/\/henmar.pl\/en\/wp-json\/wp\/v2\/pages\/2345\/revisions\/4255"}],"wp:attachment":[{"href":"https:\/\/henmar.pl\/en\/wp-json\/wp\/v2\/media?parent=2345"}],"curies":[{"name":"wp","href":"https:\/\/api.w.org\/{rel}","templated":true}]}}